{"id":6,"date":"2026-03-17T09:47:03","date_gmt":"2026-03-17T09:47:03","guid":{"rendered":"https:\/\/www.olive-tree-finder.com\/index.php\/tree-finder\/"},"modified":"2026-03-18T09:26:27","modified_gmt":"2026-03-18T09:26:27","slug":"tree-finder","status":"publish","type":"page","link":"https:\/\/www.olive-tree-finder.com\/","title":{"rendered":"Finde Deinen adoptierten Baum"},"content":{"rendered":"\n<div class=\"wp-block-group has-background has-global-padding is-layout-constrained wp-container-core-group-is-layout-263bfd86 wp-block-group-is-layout-constrained\" style=\"background-color:#383E35;padding-top:30px;padding-right:20px;padding-bottom:10px;padding-left:20px\">\n\n\n<h1 class=\"wp-block-heading has-text-align-center has-text-color\" style=\"color:#ffffff;font-size:clamp(24px, 5vw, 40px)\">\ud83d\udd0d Finde Deinen adoptierten Baum<\/h1>\n\n\n\n<p class=\"has-text-align-center has-text-color\" style=\"color:#b0b0b0;font-size:clamp(14px, 0.875rem + ((1vw - 3.2px) * 0.098), 15px);\">Gebe Deine Adoptionsnummer ein und klicke auf &#8222;Suchen&#8220;, dann erscheint der Standort Deines Baumes und unter der Karte die Beschreibung.<br><br>Wenn Du einen freien Baum zum Adoptieren suchst, klicke auf &#8222;Freie B\u00e4ume&#8220;.<\/p>\n\n\n<\/div>\n\n\n\n<div id=\"otf-search-bar\" class=\"otf-search-bar\">\n<div class=\"otf-search-inner\">\n<form id=\"otfSearchForm\" class=\"otf-search-form\" onsubmit=\"return false;\">\n  <div class=\"otf-input-wrapper\">\n    <span class=\"otf-input-icon\"><i class=\"fas fa-hashtag\"><\/i><\/span>\n    <input type=\"text\" id=\"otfAdoptionNumber\" class=\"otf-input\" placeholder=\"hier Deine Adoptionsnummer eingeben\" required>\n  <\/div>\n  <button type=\"submit\" id=\"otfSearchBtn\" class=\"otf-btn otf-btn-search\"><i class=\"fas fa-search\"><\/i> Suchen<\/button>\n  <button type=\"button\" id=\"otfFreeTreesBtn\" class=\"otf-btn otf-btn-free\"><i class=\"fas fa-tree\"><\/i> Freie B\u00e4ume<\/button>\n  <select id=\"otfTreeSizeFilter\" class=\"otf-select\">\n    <option value=\"\">Alle Gr\u00f6\u00dfen<\/option>\n    <option value=\"small\">Klein<\/option>\n    <option value=\"normal\">Normal<\/option>\n    <option value=\"big\">Gro\u00df<\/option>\n  <\/select>\n<\/form>\n<div id=\"otfSearchMessage\" class=\"otf-search-message\"><\/div>\n<\/div>\n<\/div>\n\n\n\n<div id=\"otfMap\" class=\"otf-map\"><\/div>\n\n\n\n<div id=\"otfTreeInfoPanel\" class=\"otf-tree-info-panel\">\n<div class=\"otf-info-inner\">\n  <div id=\"otfFarmInfo\" class=\"otf-farm-info\">\n    <h3><i class=\"fas fa-map-marked-alt\"><\/i> <span id=\"otfFarmName\"><\/span><\/h3>\n  <\/div>\n  <div id=\"otfInfoGrid\" class=\"otf-info-grid\">\n    <div id=\"otfTreeImageContainer\" class=\"otf-tree-image\"><\/div>\n    <div id=\"otfTreeDetails\" class=\"otf-tree-details\"><\/div>\n  <\/div>\n<\/div>\n<\/div>\n\n\n\n<div class=\"wp-block-group has-background has-global-padding is-layout-constrained wp-block-group-is-layout-constrained\" style=\"background-color:#383E35;padding-top:25px;padding-bottom:25px\">\n\n\n<p class=\"has-text-align-center has-text-color\" style=\"color:#ffffff;font-size:14px\">\ud83c\udf3f Baum Finder &#8211; Verbindet Dich mit der Natur<\/p>\n\n\n<\/div>\n","protected":false},"excerpt":{"rendered":"<p>\ud83d\udd0d Finde Deinen adoptierten Baum Gebe Deine Adoptionsnummer ein und klicke auf &#8222;Suchen&#8220;, dann erscheint der Standort Deines Baumes und unter der Karte die Beschreibung. Wenn Du einen freien Baum zum Adoptieren suchst, klicke auf &#8222;Freie B\u00e4ume&#8220;. Suchen Freie B\u00e4ume Alle Gr\u00f6\u00dfenKleinNormalGro\u00df \ud83c\udf3f Baum Finder &#8211; Verbindet Dich mit der Natur<\/p>\n","protected":false},"author":2,"featured_media":0,"parent":0,"menu_order":0,"comment_status":"closed","ping_status":"closed","template":"","meta":{"footnotes":""},"class_list":["post-6","page","type-page","status-publish","hentry"],"_links":{"self":[{"href":"https:\/\/www.olive-tree-finder.com\/index.php\/wp-json\/wp\/v2\/pages\/6","targetHints":{"allow":["GET"]}}],"collection":[{"href":"https:\/\/www.olive-tree-finder.com\/index.php\/wp-json\/wp\/v2\/pages"}],"about":[{"href":"https:\/\/www.olive-tree-finder.com\/index.php\/wp-json\/wp\/v2\/types\/page"}],"author":[{"embeddable":true,"href":"https:\/\/www.olive-tree-finder.com\/index.php\/wp-json\/wp\/v2\/users\/2"}],"replies":[{"embeddable":true,"href":"https:\/\/www.olive-tree-finder.com\/index.php\/wp-json\/wp\/v2\/comments?post=6"}],"version-history":[{"count":7,"href":"https:\/\/www.olive-tree-finder.com\/index.php\/wp-json\/wp\/v2\/pages\/6\/revisions"}],"predecessor-version":[{"id":1016,"href":"https:\/\/www.olive-tree-finder.com\/index.php\/wp-json\/wp\/v2\/pages\/6\/revisions\/1016"}],"wp:attachment":[{"href":"https:\/\/www.olive-tree-finder.com\/index.php\/wp-json\/wp\/v2\/media?parent=6"}],"curies":[{"name":"wp","href":"https:\/\/api.w.org\/{rel}","templated":true}]}}